{"id":183,"date":"2015-07-16T17:15:45","date_gmt":"2015-07-16T17:15:45","guid":{"rendered":"http:\/\/universvoyage.wordpress.com\/?page_id=1"},"modified":"2024-08-13T11:08:34","modified_gmt":"2024-08-13T10:08:34","slug":"a-propos","status":"publish","type":"page","link":"https:\/\/universvoyage.com\/en\/a-propos\/","title":{"rendered":"Who are we?"},"content":{"rendered":"<p><strong>About us<\/strong><br \/>\nI've been a journalist for some thirty years, working for both the general public and specialist press, and I've chosen to share with you my reports from around the world on travel, ethnology and archaeology. Other professional journalists also contribute to this site. Some of the articles on line have been published in magazines and are referenced according to demand from the media.<\/p>\n<p><strong>Copyright<\/strong><br \/>\nAll text and photos published on this site are subject to intellectual property rights and may not be used or reproduced without my permission. If you wish to use certain images, please contact us: contact@universvoyage.com<\/p>","protected":false},"excerpt":{"rendered":"<p>About me I've been a journalist for some thirty years, working for both the general public and specialist press, and I've chosen to share with you my reports from around the world in the fields of travel, ethnology and archaeology. Other professional journalists also collaborate...<\/p>","protected":false},"author":1,"featured_media":0,"parent":0,"menu_order":0,"comment_status":"open","ping_status":"open","template":"","meta":{"footnotes":""},"class_list":["post-183","page","type-page","status-publish","hentry"],"yoast_head":"<!-- This site is optimized with the Yoast SEO Premium plugin v27.3 (Yoast SEO v27.3) - https:\/\/yoast.com\/product\/yoast-seo-premium-wordpress\/ -->\n<title>Qui sommes-nous ? - Univers Voyage<\/title>\n<meta name=\"robots\" content=\"index, follow, max-snippet:-1, max-image-preview:large, max-video-preview:-1\" \/>\n<link rel=\"canonical\" href=\"https:\/\/universvoyage.com\/en\/a-propos\/\" \/>\n<meta property=\"og:locale\" content=\"en_GB\" \/>\n<meta property=\"og:type\" content=\"article\" \/>\n<meta property=\"og:title\" content=\"Qui sommes-nous ?\" \/>\n<meta property=\"og:description\" content=\"\u00c0 propos Journaliste depuis une trentaine d\u2019ann\u00e9es pour la presse grand public et sp\u00e9cialis\u00e9e, j\u2019ai choisi de vous faire partager mes reportages autour du monde, dans les domaines du voyage, de l&rsquo;ethnologie et de l\u2019arch\u00e9ologie. D&rsquo;autres journalistes professionnels collaborent aussi...\" \/>\n<meta property=\"og:url\" content=\"https:\/\/universvoyage.com\/en\/a-propos\/\" \/>\n<meta property=\"og:site_name\" content=\"Univers Voyage\" \/>\n<meta property=\"article:publisher\" content=\"https:\/\/www.facebook.com\/universvoyage\" \/>\n<meta property=\"article:modified_time\" content=\"2024-08-13T10:08:34+00:00\" \/>\n<meta name=\"twitter:card\" content=\"summary_large_image\" \/>\n<meta name=\"twitter:site\" content=\"@UniversVoyage\" \/>\n<meta name=\"twitter:label1\" content=\"Estimated reading time\" \/>\n\t<meta name=\"twitter:data1\" content=\"1 minute\" \/>\n<script type=\"application\/ld+json\" class=\"yoast-schema-graph\">{\"@context\":\"https:\\\/\\\/schema.org\",\"@graph\":[{\"@type\":\"WebPage\",\"@id\":\"https:\\\/\\\/universvoyage.com\\\/a-propos\\\/\",\"url\":\"https:\\\/\\\/universvoyage.com\\\/a-propos\\\/\",\"name\":\"Qui sommes-nous ? - Univers Voyage\",\"isPartOf\":{\"@id\":\"https:\\\/\\\/universvoyage.com\\\/#website\"},\"datePublished\":\"2015-07-16T17:15:45+00:00\",\"dateModified\":\"2024-08-13T10:08:34+00:00\",\"breadcrumb\":{\"@id\":\"https:\\\/\\\/universvoyage.com\\\/a-propos\\\/#breadcrumb\"},\"inLanguage\":\"en-GB\",\"potentialAction\":[{\"@type\":\"ReadAction\",\"target\":[\"https:\\\/\\\/universvoyage.com\\\/a-propos\\\/\"]}]},{\"@type\":\"BreadcrumbList\",\"@id\":\"https:\\\/\\\/universvoyage.com\\\/a-propos\\\/#breadcrumb\",\"itemListElement\":[{\"@type\":\"ListItem\",\"position\":1,\"name\":\"Accueil\",\"item\":\"https:\\\/\\\/universvoyage.com\\\/\"},{\"@type\":\"ListItem\",\"position\":2,\"name\":\"Qui sommes-nous ?\"}]},{\"@type\":\"WebSite\",\"@id\":\"https:\\\/\\\/universvoyage.com\\\/#website\",\"url\":\"https:\\\/\\\/universvoyage.com\\\/\",\"name\":\"Univers Voyage\",\"description\":\"\",\"potentialAction\":[{\"@type\":\"SearchAction\",\"target\":{\"@type\":\"EntryPoint\",\"urlTemplate\":\"https:\\\/\\\/universvoyage.com\\\/?s={search_term_string}\"},\"query-input\":{\"@type\":\"PropertyValueSpecification\",\"valueRequired\":true,\"valueName\":\"search_term_string\"}}],\"inLanguage\":\"en-GB\"}]}<\/script>\n<!-- \/ Yoast SEO Premium plugin. -->","yoast_head_json":{"title":"About Univers Voyage - Univers Voyage","robots":{"index":"index","follow":"follow","max-snippet":"max-snippet:-1","max-image-preview":"max-image-preview:large","max-video-preview":"max-video-preview:-1"},"canonical":"https:\/\/universvoyage.com\/en\/a-propos\/","og_locale":"en_GB","og_type":"article","og_title":"Qui sommes-nous ?","og_description":"\u00c0 propos Journaliste depuis une trentaine d\u2019ann\u00e9es pour la presse grand public et sp\u00e9cialis\u00e9e, j\u2019ai choisi de vous faire partager mes reportages autour du monde, dans les domaines du voyage, de l&rsquo;ethnologie et de l\u2019arch\u00e9ologie. D&rsquo;autres journalistes professionnels collaborent aussi...","og_url":"https:\/\/universvoyage.com\/en\/a-propos\/","og_site_name":"Univers Voyage","article_publisher":"https:\/\/www.facebook.com\/universvoyage","article_modified_time":"2024-08-13T10:08:34+00:00","twitter_card":"summary_large_image","twitter_site":"@UniversVoyage","twitter_misc":{"Estimated reading time":"1 minute"},"schema":{"@context":"https:\/\/schema.org","@graph":[{"@type":"WebPage","@id":"https:\/\/universvoyage.com\/a-propos\/","url":"https:\/\/universvoyage.com\/a-propos\/","name":"About Univers Voyage - Univers Voyage","isPartOf":{"@id":"https:\/\/universvoyage.com\/#website"},"datePublished":"2015-07-16T17:15:45+00:00","dateModified":"2024-08-13T10:08:34+00:00","breadcrumb":{"@id":"https:\/\/universvoyage.com\/a-propos\/#breadcrumb"},"inLanguage":"en-GB","potentialAction":[{"@type":"ReadAction","target":["https:\/\/universvoyage.com\/a-propos\/"]}]},{"@type":"BreadcrumbList","@id":"https:\/\/universvoyage.com\/a-propos\/#breadcrumb","itemListElement":[{"@type":"ListItem","position":1,"name":"Accueil","item":"https:\/\/universvoyage.com\/"},{"@type":"ListItem","position":2,"name":"Qui sommes-nous ?"}]},{"@type":"WebSite","@id":"https:\/\/universvoyage.com\/#website","url":"https:\/\/universvoyage.com\/","name":"Travel Universe","description":"","potentialAction":[{"@type":"SearchAction","target":{"@type":"EntryPoint","urlTemplate":"https:\/\/universvoyage.com\/?s={search_term_string}"},"query-input":{"@type":"PropertyValueSpecification","valueRequired":true,"valueName":"search_term_string"}}],"inLanguage":"en-GB"}]}},"_links":{"self":[{"href":"https:\/\/universvoyage.com\/en\/wp-json\/wp\/v2\/pages\/183","targetHints":{"allow":["GET"]}}],"collection":[{"href":"https:\/\/universvoyage.com\/en\/wp-json\/wp\/v2\/pages"}],"about":[{"href":"https:\/\/universvoyage.com\/en\/wp-json\/wp\/v2\/types\/page"}],"author":[{"embeddable":true,"href":"https:\/\/universvoyage.com\/en\/wp-json\/wp\/v2\/users\/1"}],"replies":[{"embeddable":true,"href":"https:\/\/universvoyage.com\/en\/wp-json\/wp\/v2\/comments?post=183"}],"version-history":[{"count":2,"href":"https:\/\/universvoyage.com\/en\/wp-json\/wp\/v2\/pages\/183\/revisions"}],"predecessor-version":[{"id":6208,"href":"https:\/\/universvoyage.com\/en\/wp-json\/wp\/v2\/pages\/183\/revisions\/6208"}],"wp:attachment":[{"href":"https:\/\/universvoyage.com\/en\/wp-json\/wp\/v2\/media?parent=183"}],"curies":[{"name":"wp","href":"https:\/\/api.w.org\/{rel}","templated":true}]}}